{"id":2,"date":"2019-06-10T20:32:49","date_gmt":"2019-06-10T20:32:49","guid":{"rendered":"http:\/\/pradostuff.com\/es\/?page_id=2"},"modified":"2020-08-21T18:23:34","modified_gmt":"2020-08-21T18:23:34","slug":"contacto","status":"publish","type":"page","link":"http:\/\/pradostuff.com\/es\/contacto\/","title":{"rendered":"Contacto\/Ventas"},"content":{"rendered":"<div class=\"text-size text-size-02\">\n<h3 style=\"text-align: center;\">Prop\u00f3sito de nuestro sistema inicial de venta<\/h3>\n<\/div>\n<div class=\"text-size text-size-04\">\n<p style=\"text-align: center;\">Estamos dedicados a generar la mejor relaci\u00f3n con nuestros productores, buscando peque\u00f1as comunidades y negocios para trabajar juntos, siendo nuestro compromiso impactar comunidades locales. Teniendo mayor control de nuestras cantidades de producci\u00f3n y la energ\u00eda total utilizada.<\/p>\n<p style=\"text-align: center;\">En esta primera etapa, decidimos usar un sistema de intercambio a pedido, creemos que esto podr\u00eda ser una manera de generar dialogo real para mantenernos conectados y caminar juntos a trav\u00e9s de un proceso consciente de compra. En cada producto existe una historia, sobre su producci\u00f3n y el impacto inmediato hacia peque\u00f1os productores. Seguiremos constantemente trabajando para poder entregar la mayor informaci\u00f3n posible de cada proceso y tambi\u00e9n ir mejorando nuestros sistemas y canales de productivos y de comunicaci\u00f3n.<\/p>\n<\/div>\n<div class=\"text-size text-size-02\">\n<h3 style=\"text-align: center;\">Hablemos!<\/h3>\n<\/div>\n<div class=\"text-size text-size-04\">\n<p style=\"text-align: center;\">Estaremos ac\u00e1 para conversar y ayudarte, escr\u00edbenos o ll\u00e1manos, tambi\u00e9n puedes llenar el formulario m\u00e1s abajo para que puedas describir de manera mas exacta lo que necesitas. Nuestro equipo se contactar\u00e1 contigo lo antes posible para ayudarte.<\/p>\n<p>&nbsp;<\/p>\n<ul>\n<li>Si eres un contratista o negocio, por favor selecciona venta por mayor o proyectos especiales abajo en la barra desplegable.<\/li>\n<\/ul>\n<\/div>\n<div class=\"text-size text-size-02\">\n<p style=\"text-align: center;\"><strong>online@pradostuff.com<\/strong> +(56) 9 777 333 443<\/p>\n<\/div>\n<p>&#8216;<\/p>\n","protected":false},"excerpt":{"rendered":"<p>Prop\u00f3sito de nuestro sistema inicial de venta Estamos dedicados a generar la mejor relaci\u00f3n con nuestros productores, buscando peque\u00f1as comunidades y negocios para trabajar juntos, siendo nuestro compromiso impactar comunidades locales. Teniendo mayor control de nuestras cantidades de producci\u00f3n y la energ\u00eda total utilizada. En esta primera etapa, decidimos usar un sistema de intercambio a [&hellip;]<\/p>\n","protected":false},"author":1,"featured_media":0,"parent":0,"menu_order":0,"comment_status":"closed","ping_status":"closed","template":"page-contact.php","meta":{"footnotes":""},"class_list":["post-2","page","type-page","status-publish","hentry"],"_links":{"self":[{"href":"http:\/\/pradostuff.com\/es\/wp-json\/wp\/v2\/pages\/2","targetHints":{"allow":["GET"]}}],"collection":[{"href":"http:\/\/pradostuff.com\/es\/wp-json\/wp\/v2\/pages"}],"about":[{"href":"http:\/\/pradostuff.com\/es\/wp-json\/wp\/v2\/types\/page"}],"author":[{"embeddable":true,"href":"http:\/\/pradostuff.com\/es\/wp-json\/wp\/v2\/users\/1"}],"replies":[{"embeddable":true,"href":"http:\/\/pradostuff.com\/es\/wp-json\/wp\/v2\/comments?post=2"}],"version-history":[{"count":34,"href":"http:\/\/pradostuff.com\/es\/wp-json\/wp\/v2\/pages\/2\/revisions"}],"predecessor-version":[{"id":4593,"href":"http:\/\/pradostuff.com\/es\/wp-json\/wp\/v2\/pages\/2\/revisions\/4593"}],"wp:attachment":[{"href":"http:\/\/pradostuff.com\/es\/wp-json\/wp\/v2\/media?parent=2"}],"curies":[{"name":"wp","href":"https:\/\/api.w.org\/{rel}","templated":true}]}}