{"id":3,"date":"2019-06-10T20:32:49","date_gmt":"2019-06-10T20:32:49","guid":{"rendered":"http:\/\/pradostuff.com\/es\/?page_id=3"},"modified":"2020-12-28T19:13:21","modified_gmt":"2020-12-28T19:13:21","slug":"privacy-policy","status":"publish","type":"page","link":"http:\/\/pradostuff.com\/es\/privacy-policy\/","title":{"rendered":"T\u00e9rminos &#038; Condiciones"},"content":{"rendered":"\r\n<h2 class=\"wp-block-heading\" style=\"text-align: center;\">T\u00e9rminos y Condiciones<\/h2>\r\n<p style=\"text-align: left;\">PRIVACIDAD\u2014<span class=\"placeholder\" title=\"\" data-toggle=\"tooltip\" data-placement=\"top\" data-original-title=\"Por favor rellena Sitio web de la Compa\u00f1\u00eda\"><span class=\"ng-binding\">pradostuff.com<\/span><\/span> garantiza que la informaci\u00f3n personal que usted env\u00eda cuenta con la seguridad necesaria. Los datos ingresados por usuario o en el caso de requerir una validaci\u00f3n de los pedidos no ser\u00e1n entregados a terceros, salvo que deba ser revelada en cumplimiento a una orden judicial o requerimientos legales. La suscripci\u00f3n a boletines de correos electr\u00f3nicos es voluntaria y podr\u00eda ser seleccionada al momento de enviar tu solicitud. No se har\u00e1 uso de la informaci\u00f3n enviada a trav\u00e9s de nuestros formularios con fines de marketing de terceros.\u00a0<\/p>\r\n<p style=\"text-align: left;\">INFORMACI\u00d3N RELEVANTE\u2014Es requisito necesario para la adquisici\u00f3n de los productos que se ofrecen en este sitio, que lea y acepte los siguientes T\u00e9rminos y Condiciones que a continuaci\u00f3n se redactan. El uso de nuestros servicios as\u00ed como la compra de nuestros productos implicar\u00e1 que usted ha le\u00eddo y aceptado los T\u00e9rminos y Condiciones de Uso en el presente documento. Todos los productos \u00a0que son ofrecidos por nuestro sitio web pudieran ser creados, cobrados, enviados o presentados por una p\u00e1gina web tercera y en tal caso estar\u00edan sujetas a sus propios T\u00e9rminos y Condiciones.\u00a0 Todas las compras y transacciones que se lleven a cabo por medio de este sitio web, est\u00e1n sujetas a un proceso de confirmaci\u00f3n y verificaci\u00f3n, el cual podr\u00eda incluir la verificaci\u00f3n del stock y disponibilidad de producto, validaci\u00f3n de la forma de pago, validaci\u00f3n de la factura (en caso de existir) y el cumplimiento de las condiciones requeridas por el medio de pago seleccionado. Los precios de los productos ofrecidos en esta plataforma son v\u00e1lidos solamente en los pedidos realizados en este sitio web.<\/p>\r\n<p style=\"text-align: left;\">USO NO AUTORIZADO\u2014En caso de que aplique (bajo acuerdo sobre puntos de venta, tiendas o lugares que no sean esta website o puntos de ventas acordados) usted no puede colocar uno de nuestros productos, modificado o sin modificar, en un sitio web o ning\u00fan otro medio y ofrecerlos para la redistribuci\u00f3n o la reventa de ning\u00fan tipo. Generalmente las reventas abusan incrementando el valor oficial de un producto por ser limitado. Si quieres ser distribuidor oficial puedes contactarnos a online@pradostuff.com esta plataforma ayudar\u00e1 a nuestra comunidad a encontrar tu espacio tambi\u00e9n.<\/p>\r\n<p style=\"text-align: left;\">GARANT\u00cdA\u2014En el caso de productos que sean\u00a0 mercanc\u00edas irrevocables no-tangibles, no realizamos reembolsos despu\u00e9s de que se env\u00ede el producto, usted tiene la responsabilidad de entender antes de comprarlo. \u00a0Le pedimos que lea cuidadosamente antes de comprarlo. Hacemos solamente excepciones con esta regla cuando la descripci\u00f3n no se ajusta al producto. Hay algunos productos que pudieran tener garant\u00eda y posibilidad de reembolso pero este ser\u00e1 especificado al comprar el producto. En tales casos la garant\u00eda solo cubrir\u00e1 fallas de f\u00e1brica y s\u00f3lo se har\u00e1 efectiva cuando el producto se haya usado correctamente. La garant\u00eda no cubre aver\u00edas o da\u00f1os ocasionados por uso indebido. Los t\u00e9rminos de la garant\u00eda est\u00e1n asociados a fallas de fabricaci\u00f3n y funcionamiento en condiciones normales de los productos y s\u00f3lo se har\u00e1n efectivos estos t\u00e9rminos si el equipo ha sido usado correctamente. Esto incluye:<\/p>\r\n<ul>\r\n<li style=\"text-align: left;\">De acuerdo a las especificaciones t\u00e9cnicas indicadas para cada producto.<\/li>\r\n<li style=\"text-align: left;\">En condiciones ambientales acorde con las especificaciones indicadas por el fabricante.<\/li>\r\n<li style=\"text-align: left;\">En uso espec\u00edfico para la funci\u00f3n con que fue dise\u00f1ado de f\u00e1brica.<\/li>\r\n<\/ul>\r\n<p style=\"text-align: left;\">PROPIEDAD\u2014Usted no puede declarar propiedad intelectual o exclusiva a ninguno de nuestros productos, modificado o sin modificar. Todos los productos son propiedad \u00a0de los proveedores del contenido. En caso de que no se especifique lo contrario, nuestros productos se proporcionan sin ning\u00fan tipo de garant\u00eda, expresa o impl\u00edcita. En ning\u00fan caso esta compa\u00f1\u00eda ser\u00e1 \u00a0responsables de ning\u00fan da\u00f1o incluyendo, pero no limitado a, da\u00f1os directos, indirectos, especiales, fortuitos o consecuentes u otras p\u00e9rdidas resultantes del uso o de la imposibilidad de utilizar nuestros productos.<\/p>\r\n<h2>\u00a0<\/h2>\r\n<h2 style=\"text-align: center;\">Tarifas de env\u00edo<\/h2>\r\n<div class=\"text-size text-size-04\">\r\n<p>Todas las tar\u00edfas se basan en el peso y dimensiones de los paquetes. Cada pedido es evaluado por separado seg\u00fan territorio y la viabilidad de despacho. Una vez enviado el formulario de pedido de el o los productos, nuestro equipo te responder\u00e1 con la informaci\u00f3n correspondiente a tu paquete.<\/p>\r\n<\/div>\r\n<h2 style=\"text-align: center;\">Servicio de env\u00edos<\/h2>\r\n<div class=\"text-size text-size-04\">\r\n<p>Chile (Regiones) \ud83c\udde8\ud83c\uddf1 Trabajamos los env\u00edos a trav\u00e9s de STARKEN. Las tarifas cotizadas se basan en los t\u00e9rminos y condiciones de transporte est\u00e1ndar de STARKEN que se encuentran en <a href=\"https:\/\/www.starken.cl\/condiciones-servicio\">starken.cl\/condiciones-servicio<\/a> Las Tarifas son v\u00e1lidas para los servicios durante las horas de operaci\u00f3n est\u00e1ndar designadas por STARKEN y se excluir\u00e1n los d\u00edas festivos y los fines de semana.<\/p>\r\n<p>RESTO DEL MUNDO \ud83c\udf10 Trabajamos los env\u00edos a trav\u00e9s de DHL. Las tarifas cotizadas se basan en los t\u00e9rminos y condiciones de transporte est\u00e1ndar de DHL que se encuentran en <a href=\"http:\/\/www.dhl.com\/en\/express\/shipping\/shipping_advice\/terms_conditions.html.\">www.dhl.com\/en\/express\/shipping<\/a> Las Tarifas son v\u00e1lidas para los servicios durante las horas de operaci\u00f3n est\u00e1ndar designadas por DHL y se excluir\u00e1n los d\u00edas festivos y los fines de semana.<\/p>\r\n<\/div>\r\n\r\n\r\n\r\n\r\n\r\n\r\n\r\n\r\n\r\n\r\n\r\n\r\n\r\n\r\n","protected":false},"excerpt":{"rendered":"<p>T\u00e9rminos y Condiciones PRIVACIDAD\u2014pradostuff.com garantiza que la informaci\u00f3n personal que usted env\u00eda cuenta con la seguridad necesaria. Los datos ingresados por usuario o en el caso de requerir una validaci\u00f3n de los pedidos no ser\u00e1n entregados a terceros, salvo que deba ser revelada en cumplimiento a una orden judicial o requerimientos legales. La suscripci\u00f3n a [&hellip;]<\/p>\n","protected":false},"author":1,"featured_media":0,"parent":0,"menu_order":0,"comment_status":"closed","ping_status":"closed","template":"","meta":{"footnotes":""},"class_list":["post-3","page","type-page","status-publish","hentry"],"_links":{"self":[{"href":"http:\/\/pradostuff.com\/es\/wp-json\/wp\/v2\/pages\/3","targetHints":{"allow":["GET"]}}],"collection":[{"href":"http:\/\/pradostuff.com\/es\/wp-json\/wp\/v2\/pages"}],"about":[{"href":"http:\/\/pradostuff.com\/es\/wp-json\/wp\/v2\/types\/page"}],"author":[{"embeddable":true,"href":"http:\/\/pradostuff.com\/es\/wp-json\/wp\/v2\/users\/1"}],"replies":[{"embeddable":true,"href":"http:\/\/pradostuff.com\/es\/wp-json\/wp\/v2\/comments?post=3"}],"version-history":[{"count":64,"href":"http:\/\/pradostuff.com\/es\/wp-json\/wp\/v2\/pages\/3\/revisions"}],"predecessor-version":[{"id":4949,"href":"http:\/\/pradostuff.com\/es\/wp-json\/wp\/v2\/pages\/3\/revisions\/4949"}],"wp:attachment":[{"href":"http:\/\/pradostuff.com\/es\/wp-json\/wp\/v2\/media?parent=3"}],"curies":[{"name":"wp","href":"https:\/\/api.w.org\/{rel}","templated":true}]}}