{"id":3710,"date":"2020-05-20T01:07:32","date_gmt":"2020-05-20T01:07:32","guid":{"rendered":"http:\/\/pradostuff.com\/es\/?page_id=3710"},"modified":"2021-09-02T21:23:49","modified_gmt":"2021-09-02T21:23:49","slug":"comunidad","status":"publish","type":"page","link":"http:\/\/pradostuff.com\/es\/comunidad\/","title":{"rendered":"Comunidad"},"content":{"rendered":"<h3 style=\"text-align: left;\">Comunidad<\/h3>\n<div class=\"text-size text-size-05\" style=\"text-align: left;\">\n<p>Comprometidos en generar un espacio abierto, honesto y que persiga nuevas formas de comunicaci\u00f3n. Sabemos que las acciones individuales se fortalecen si las compartimos, m\u00e1s a\u00fan si se genera un intercambio de informaci\u00f3n. En esta primera etapa, te invitamos a ser parte de nuestra comunidad recibiendo lo \u00faltimo de nuestro contenido desde el\u00a0 <a href=\"http:\/\/pradostuff.com\/es\/archivo365\/\">Archivo 365<\/a>; entrevistas, m\u00fasica y m\u00e1s. Adem\u00e1s podr\u00e1s recibir con anticipaci\u00f3n nuevos lanzamientos y actividades.<\/p>\n<\/div>\n<div id=\"mc_embed_signup\" class=\"modal-newsletter\" style=\"text-align: left;\"><\/div>\n<h3 style=\"text-align: left;\">Prado.\u00ae Playlist<\/h3>\n<div>\n<div style=\"text-align: left;\">\n<div class=\"text-size text-size-05\">\n<p>La m\u00fasica trasciende el lenguaje. Compartimos selecciones de m\u00fasica, seleccionadas por personas de diferentes lugares y ra\u00edces con una extensa variedad de gustos musicales, porque la m\u00fasica es capaz de conectar la historia, lugares y nuestra vida diaria.<\/p>\n<\/div>\n<\/div>\n<div class=\"text-size text-size-05\">\n<p style=\"text-align: left;\"><a href=\"https:\/\/open.spotify.com\/user\/oqrs3ra7puzmqb1d85zz3i9il?si=rxivPyecTBqLlXK1G75L6g\" target=\"_blank\" rel=\"noopener\">Ver Collab Playlists<\/a><\/p>\n<\/div>\n<\/div>\n","protected":false},"excerpt":{"rendered":"<p>Comunidad Comprometidos en generar un espacio abierto, honesto y que persiga nuevas formas de comunicaci\u00f3n. Sabemos que las acciones individuales se fortalecen si las compartimos, m\u00e1s a\u00fan si se genera un intercambio de informaci\u00f3n. En esta primera etapa, te invitamos a ser parte de nuestra comunidad recibiendo lo \u00faltimo de nuestro contenido desde el\u00a0 Archivo [&hellip;]<\/p>\n","protected":false},"author":1,"featured_media":0,"parent":0,"menu_order":0,"comment_status":"closed","ping_status":"closed","template":"page-community.php","meta":{"footnotes":""},"class_list":["post-3710","page","type-page","status-publish","hentry"],"_links":{"self":[{"href":"http:\/\/pradostuff.com\/es\/wp-json\/wp\/v2\/pages\/3710","targetHints":{"allow":["GET"]}}],"collection":[{"href":"http:\/\/pradostuff.com\/es\/wp-json\/wp\/v2\/pages"}],"about":[{"href":"http:\/\/pradostuff.com\/es\/wp-json\/wp\/v2\/types\/page"}],"author":[{"embeddable":true,"href":"http:\/\/pradostuff.com\/es\/wp-json\/wp\/v2\/users\/1"}],"replies":[{"embeddable":true,"href":"http:\/\/pradostuff.com\/es\/wp-json\/wp\/v2\/comments?post=3710"}],"version-history":[{"count":25,"href":"http:\/\/pradostuff.com\/es\/wp-json\/wp\/v2\/pages\/3710\/revisions"}],"predecessor-version":[{"id":5359,"href":"http:\/\/pradostuff.com\/es\/wp-json\/wp\/v2\/pages\/3710\/revisions\/5359"}],"wp:attachment":[{"href":"http:\/\/pradostuff.com\/es\/wp-json\/wp\/v2\/media?parent=3710"}],"curies":[{"name":"wp","href":"https:\/\/api.w.org\/{rel}","templated":true}]}}